{"id":8,"date":"2017-03-13T21:09:40","date_gmt":"2017-03-13T21:09:40","guid":{"rendered":"http:\/\/192.155.94.179\/?page_id=8"},"modified":"2017-12-21T14:53:04","modified_gmt":"2017-12-21T20:53:04","slug":"servicios","status":"publish","type":"page","link":"https:\/\/electricamatamoros.com\/?page_id=8","title":{"rendered":"Servicios"},"content":{"rendered":"<p>Instalaci\u00f3n, operaci\u00f3n y mantenimiento de centrales hidroel\u00e9ctricas y soluciones el\u00e9ctricas para la industria<\/p>\n","protected":false},"excerpt":{"rendered":"<p>Instalaci\u00f3n, operaci\u00f3n y mantenimiento de centrales hidroel\u00e9ctricas y soluciones el\u00e9ctricas para la industria<\/p>\n","protected":false},"author":1,"featured_media":0,"parent":0,"menu_order":0,"comment_status":"closed","ping_status":"closed","template":"page-templates\/Servicios.php","meta":{"_mi_skip_tracking":false},"acf":[],"_links":{"self":[{"href":"https:\/\/electricamatamoros.com\/index.php?rest_route=\/wp\/v2\/pages\/8"}],"collection":[{"href":"https:\/\/electricamatamoros.com\/index.php?rest_route=\/wp\/v2\/pages"}],"about":[{"href":"https:\/\/electricamatamoros.com\/index.php?rest_route=\/wp\/v2\/types\/page"}],"author":[{"embeddable":true,"href":"https:\/\/electricamatamoros.com\/index.php?rest_route=\/wp\/v2\/users\/1"}],"replies":[{"embeddable":true,"href":"https:\/\/electricamatamoros.com\/index.php?rest_route=%2Fwp%2Fv2%2Fcomments&post=8"}],"version-history":[{"count":31,"href":"https:\/\/electricamatamoros.com\/index.php?rest_route=\/wp\/v2\/pages\/8\/revisions"}],"predecessor-version":[{"id":674,"href":"https:\/\/electricamatamoros.com\/index.php?rest_route=\/wp\/v2\/pages\/8\/revisions\/674"}],"wp:attachment":[{"href":"https:\/\/electricamatamoros.com\/index.php?rest_route=%2Fwp%2Fv2%2Fmedia&parent=8"}],"curies":[{"name":"wp","href":"https:\/\/api.w.org\/{rel}","templated":true}]}}